{"id":2506,"date":"2026-04-25T04:32:32","date_gmt":"2026-04-25T04:32:32","guid":{"rendered":""},"modified":"2026-04-25T04:32:32","modified_gmt":"2026-04-25T04:32:32","slug":"sony-wh-1000xm5-svart","status":"publish","type":"product","link":"https:\/\/techspot.no\/no\/product\/sony-wh-1000xm5-svart\/","title":{"rendered":"Sony WH-1000XM5 \u2013 Svart"},"content":{"rendered":"<p>Sony WH-1000XM5 er bransjens beste st\u00f8ydempende hodetelefoner. 8 mikrofoner, 30 timers batteritid og Speak-to-Chat-funksjon. LDAC for hi-res lyd tr\u00e5dl\u00f8st.<\/p>","protected":false},"excerpt":{"rendered":"<p>Sony WH-1000XM5 er bransjens beste st\u00f8ydempende hodetelefoner. 8 mikrofoner, 30 timers batteritid og Speak-to-Chat-funksjon. LDAC for hi-res lyd tr\u00e5dl\u00f8st.<\/p>","protected":false},"featured_media":0,"comment_status":"open","ping_status":"closed","template":"","meta":{"om_disable_all_campaigns":false,"_monsterinsights_skip_tracking":false,"_monsterinsights_sitenote_active":false,"_monsterinsights_sitenote_note":"","_monsterinsights_sitenote_category":0},"product_brand":[],"product_cat":[451],"product_tag":[571,568,574,572,573],"class_list":{"0":"post-2506","1":"product","2":"type-product","3":"status-publish","5":"product_cat-headphones","6":"product_tag-30t-batteri","7":"product_tag-anc","8":"product_tag-bluetooth-5-2","9":"product_tag-ldac","10":"product_tag-multipoint","12":"first","13":"instock","14":"sale","15":"shipping-taxable","16":"purchasable","17":"product-type-simple"},"amp_enabled":true,"_links":{"self":[{"href":"https:\/\/techspot.no\/no\/wp-json\/wp\/v2\/product\/2506","targetHints":{"allow":["GET"]}}],"collection":[{"href":"https:\/\/techspot.no\/no\/wp-json\/wp\/v2\/product"}],"about":[{"href":"https:\/\/techspot.no\/no\/wp-json\/wp\/v2\/types\/product"}],"replies":[{"embeddable":true,"href":"https:\/\/techspot.no\/no\/wp-json\/wp\/v2\/comments?post=2506"}],"version-history":[{"count":0,"href":"https:\/\/techspot.no\/no\/wp-json\/wp\/v2\/product\/2506\/revisions"}],"wp:attachment":[{"href":"https:\/\/techspot.no\/no\/wp-json\/wp\/v2\/media?parent=2506"}],"wp:term":[{"taxonomy":"product_brand","embeddable":true,"href":"https:\/\/techspot.no\/no\/wp-json\/wp\/v2\/product_brand?post=2506"},{"taxonomy":"product_cat","embeddable":true,"href":"https:\/\/techspot.no\/no\/wp-json\/wp\/v2\/product_cat?post=2506"},{"taxonomy":"product_tag","embeddable":true,"href":"https:\/\/techspot.no\/no\/wp-json\/wp\/v2\/product_tag?post=2506"}],"curies":[{"name":"wp","href":"https:\/\/api.w.org\/{rel}","templated":true}]}}