{"id":2418,"date":"2024-02-24T00:40:18","date_gmt":"2024-02-23T22:40:18","guid":{"rendered":"https:\/\/techspot.no\/product\/intel-core-2-quad-q9300-250-ghz-prosessor\/"},"modified":"2026-04-22T05:42:50","modified_gmt":"2026-04-22T03:42:50","slug":"intel-core-2-quad-q9300-250-ghz-prosessor","status":"publish","type":"product","link":"https:\/\/techspot.no\/no\/product\/intel-core-2-quad-q9300-250-ghz-prosessor\/","title":{"rendered":"Intel Core 2 Quad Q9300 &#8211; 2,50 GHz prosessor"},"content":{"rendered":"<p>Intels Core 2 Quad Q9300 er en kraftig og p\u00e5litelig prosessor som er perfekt for deg som trenger h\u00f8y ytelse til gaming, str\u00f8mming eller andre krevende oppgaver. Med fire kjerner og en klokkehastighet p\u00e5 2.5 GHz leverer denne prosessoren imponerende multitasking-evner og rask respons. Med en L2-cache p\u00e5 6MB kan du v\u00e6re sikker p\u00e5 at Q9300 leverer den ytelsen du trenger. Oppgrader PC-en din med denne imponerende prosessoren for \u00e5 ta ytelsen til neste niv\u00e5.<\/p>","protected":false},"excerpt":{"rendered":"<p>Intels Core 2 Quad Q9300 er en kraftig og p\u00e5litelig prosessor som er perfekt for deg som trenger h\u00f8y ytelse<\/p>","protected":false},"featured_media":0,"comment_status":"open","ping_status":"open","template":"","meta":{"_monsterinsights_skip_tracking":false,"_monsterinsights_sitenote_active":false,"_monsterinsights_sitenote_note":"","_monsterinsights_sitenote_category":0},"product_brand":[487,474],"product_cat":[462,463,476],"product_tag":[480,497,478,511,479,510,491,473],"class_list":{"0":"post-2418","1":"product","2":"type-product","3":"status-publish","5":"product_brand-core-2-quad","6":"product_brand-intel","7":"product_cat-datautstyr","8":"product_cat-komponenter-og-lagring","9":"product_cat-prosessorer-cpu","10":"product_tag-core","11":"product_tag-datamaskin","12":"product_tag-intel","13":"product_tag-komponent","14":"product_tag-prosessor","15":"product_tag-q9300","16":"product_tag-quad","17":"product_tag-teknologi","19":"first","20":"instock","21":"product-type-simple"},"_links":{"self":[{"href":"https:\/\/techspot.no\/no\/wp-json\/wp\/v2\/product\/2418","targetHints":{"allow":["GET"]}}],"collection":[{"href":"https:\/\/techspot.no\/no\/wp-json\/wp\/v2\/product"}],"about":[{"href":"https:\/\/techspot.no\/no\/wp-json\/wp\/v2\/types\/product"}],"replies":[{"embeddable":true,"href":"https:\/\/techspot.no\/no\/wp-json\/wp\/v2\/comments?post=2418"}],"version-history":[{"count":0,"href":"https:\/\/techspot.no\/no\/wp-json\/wp\/v2\/product\/2418\/revisions"}],"wp:attachment":[{"href":"https:\/\/techspot.no\/no\/wp-json\/wp\/v2\/media?parent=2418"}],"wp:term":[{"taxonomy":"product_brand","embeddable":true,"href":"https:\/\/techspot.no\/no\/wp-json\/wp\/v2\/product_brand?post=2418"},{"taxonomy":"product_cat","embeddable":true,"href":"https:\/\/techspot.no\/no\/wp-json\/wp\/v2\/product_cat?post=2418"},{"taxonomy":"product_tag","embeddable":true,"href":"https:\/\/techspot.no\/no\/wp-json\/wp\/v2\/product_tag?post=2418"}],"curies":[{"name":"wp","href":"https:\/\/api.w.org\/{rel}","templated":true}]}}