{"id":2417,"date":"2024-02-24T00:40:17","date_gmt":"2024-02-23T22:40:17","guid":{"rendered":"https:\/\/techspot.no\/product\/intel-pentium-4-320-ghz-prosessor\/"},"modified":"2026-04-22T05:40:02","modified_gmt":"2026-04-22T03:40:02","slug":"intel-pentium-4-320-ghz-prosessor","status":"publish","type":"product","link":"https:\/\/techspot.no\/no\/product\/intel-pentium-4-320-ghz-prosessor\/","title":{"rendered":"Intel Pentium 4 &#8211; 3,20 GHz prosessor"},"content":{"rendered":"<p>Intel Pentium 4 er en p\u00e5litelig og kraftig prosessor som gir rask og effektiv ytelse. Med en klokkehastighet p\u00e5 opptil 3,4 GHz og Hyper-Threading teknologi, er den ideell for multitasking og krevende oppgaver. Den har ogs\u00e5 en stor cache-minne som bidrar til \u00e5 forbedre hastigheten og effektiviteten til systemet ditt. Med Intel Pentium 4 kan du sikre deg en jevn og p\u00e5litelig opplevelse for dine dataprogrammer og oppgaver.<\/p>","protected":false},"excerpt":{"rendered":"<p>Intel Pentium 4 er en p\u00e5litelig og kraftig prosessor som gir rask og effektiv ytelse. Med en klokkehastighet p\u00e5 opptil<\/p>","protected":false},"featured_media":0,"comment_status":"open","ping_status":"open","template":"","meta":{"_monsterinsights_skip_tracking":false,"_monsterinsights_sitenote_active":false,"_monsterinsights_sitenote_note":"","_monsterinsights_sitenote_category":0},"product_brand":[474,505],"product_cat":[462,463,476],"product_tag":[506,497,508,478,509,507,479,473],"class_list":{"0":"post-2417","1":"product","2":"type-product","3":"status-publish","5":"product_brand-intel","6":"product_brand-pentium","7":"product_cat-datautstyr","8":"product_cat-komponenter-og-lagring","9":"product_cat-prosessorer-cpu","10":"product_tag-506","11":"product_tag-datamaskin","12":"product_tag-informasjon","13":"product_tag-intel","14":"product_tag-pentium","15":"product_tag-produkt","16":"product_tag-prosessor","17":"product_tag-teknologi","19":"first","20":"instock","21":"product-type-simple"},"_links":{"self":[{"href":"https:\/\/techspot.no\/no\/wp-json\/wp\/v2\/product\/2417","targetHints":{"allow":["GET"]}}],"collection":[{"href":"https:\/\/techspot.no\/no\/wp-json\/wp\/v2\/product"}],"about":[{"href":"https:\/\/techspot.no\/no\/wp-json\/wp\/v2\/types\/product"}],"replies":[{"embeddable":true,"href":"https:\/\/techspot.no\/no\/wp-json\/wp\/v2\/comments?post=2417"}],"version-history":[{"count":0,"href":"https:\/\/techspot.no\/no\/wp-json\/wp\/v2\/product\/2417\/revisions"}],"wp:attachment":[{"href":"https:\/\/techspot.no\/no\/wp-json\/wp\/v2\/media?parent=2417"}],"wp:term":[{"taxonomy":"product_brand","embeddable":true,"href":"https:\/\/techspot.no\/no\/wp-json\/wp\/v2\/product_brand?post=2417"},{"taxonomy":"product_cat","embeddable":true,"href":"https:\/\/techspot.no\/no\/wp-json\/wp\/v2\/product_cat?post=2417"},{"taxonomy":"product_tag","embeddable":true,"href":"https:\/\/techspot.no\/no\/wp-json\/wp\/v2\/product_tag?post=2417"}],"curies":[{"name":"wp","href":"https:\/\/api.w.org\/{rel}","templated":true}]}}