{"id":2413,"date":"2024-02-24T00:40:16","date_gmt":"2024-02-23T22:40:16","guid":{"rendered":"https:\/\/techspot.no\/product\/intel-core-i7-4770k-350-ghz-prosessor\/"},"modified":"2026-04-22T05:37:37","modified_gmt":"2026-04-22T03:37:37","slug":"intel-core-i7-4770k-350-ghz-prosessor","status":"publish","type":"product","link":"https:\/\/techspot.no\/no\/product\/intel-core-i7-4770k-350-ghz-prosessor\/","title":{"rendered":"Intel Core i7 4770K &#8211; 3,50 GHz prosessor"},"content":{"rendered":"<h2>Intel Core i7 4770K &#8211; En kraftplugg av en prosessor<\/h2>\n<p>Denne imponerende Intel Core i7 4770K-prosessoren leverer enest\u00e5ende ytelse og hastighet for dine datamaskinbehov. Med fire kjerner og klokkehastighet p\u00e5 3,5 GHz, takler den enkelt de mest krevende oppgavene. Med hyperthreading-teknologi og en overklokkingshastighet p\u00e5 opptil 3,9 GHz vil denne prosessoren ta din dataopplevelse til et helt nytt niv\u00e5.<\/p>\n<h2>Spesifikasjoner<\/h2>\n<p>&#8211; Antall kjerner: 4<br \/>\n&#8211; Klokkehastighet: 3,5 GHz (opp til 3,9 GHz med overklokking)<br \/>\n&#8211; Hyperthreading: Ja<br \/>\n&#8211; Sokkeltype: LGA 1150<\/p>\n<h2>Egenskaper<\/h2>\n<p>&#8211; Overlegen ytelse<br \/>\n&#8211; Hyperthreading-teknologi<br \/>\n&#8211; Overklokkbar<br \/>\n&#8211; Lavt str\u00f8mforbruk<\/p>\n<h2>Vekt<\/h2>\n<p>0,68 kg<\/p>\n<h2>St\u00f8rrelse<\/h2>\n<p>Lengde: 11,68 cm<br \/>\nBredde: 11,68 cm<br \/>\nH\u00f8yde: 7,49 cm<\/p>","protected":false},"excerpt":{"rendered":"<p>Intel Core i7 4770K &#8211; En kraftplugg av en prosessor Denne imponerende Intel Core i7 4770K-prosessoren leverer enest\u00e5ende ytelse og<\/p>","protected":false},"featured_media":0,"comment_status":"open","ping_status":"open","template":"","meta":{"_monsterinsights_skip_tracking":false,"_monsterinsights_sitenote_active":false,"_monsterinsights_sitenote_note":"","_monsterinsights_sitenote_category":0},"product_brand":[484,474],"product_cat":[462,463,476],"product_tag":[485,480,486,478,479,473],"class_list":{"0":"post-2413","1":"product","2":"type-product","3":"status-publish","5":"product_brand-core-i7","6":"product_brand-intel","7":"product_cat-datautstyr","8":"product_cat-komponenter-og-lagring","9":"product_cat-prosessorer-cpu","10":"product_tag-4770k","11":"product_tag-core","12":"product_tag-i7","13":"product_tag-intel","14":"product_tag-prosessor","15":"product_tag-teknologi","17":"first","18":"instock","19":"product-type-simple"},"_links":{"self":[{"href":"https:\/\/techspot.no\/no\/wp-json\/wp\/v2\/product\/2413","targetHints":{"allow":["GET"]}}],"collection":[{"href":"https:\/\/techspot.no\/no\/wp-json\/wp\/v2\/product"}],"about":[{"href":"https:\/\/techspot.no\/no\/wp-json\/wp\/v2\/types\/product"}],"replies":[{"embeddable":true,"href":"https:\/\/techspot.no\/no\/wp-json\/wp\/v2\/comments?post=2413"}],"version-history":[{"count":0,"href":"https:\/\/techspot.no\/no\/wp-json\/wp\/v2\/product\/2413\/revisions"}],"wp:attachment":[{"href":"https:\/\/techspot.no\/no\/wp-json\/wp\/v2\/media?parent=2413"}],"wp:term":[{"taxonomy":"product_brand","embeddable":true,"href":"https:\/\/techspot.no\/no\/wp-json\/wp\/v2\/product_brand?post=2413"},{"taxonomy":"product_cat","embeddable":true,"href":"https:\/\/techspot.no\/no\/wp-json\/wp\/v2\/product_cat?post=2413"},{"taxonomy":"product_tag","embeddable":true,"href":"https:\/\/techspot.no\/no\/wp-json\/wp\/v2\/product_tag?post=2413"}],"curies":[{"name":"wp","href":"https:\/\/api.w.org\/{rel}","templated":true}]}}