{"id":2366,"date":"2026-04-21T08:44:09","date_gmt":"2026-04-21T06:44:09","guid":{"rendered":"https:\/\/techspot.no\/no\/product\/apple-studio-display-17-lcd-adc\/"},"modified":"2026-04-21T08:44:09","modified_gmt":"2026-04-21T06:44:09","slug":"apple-studio-display-17-lcd-adc","status":"publish","type":"product","link":"https:\/\/techspot.no\/no\/product\/apple-studio-display-17-lcd-adc\/","title":{"rendered":"Apple Studio Display 17&#8243; LCD (ADC)"},"content":{"rendered":"<p>Klassisk Apple Studio Display med ADC-tilkobling (Apple Display Connector). Denne skjermen kombinerer str\u00f8m, USB og videosignal i \u00e9n kabel. Krever en Mac med ADC-port eller en ADC-til-DVI-adapter med str\u00f8mforsyning. Flott designobjekt og fungerende skjerm for retro-oppsett.<\/p>","protected":false},"excerpt":{"rendered":"<p>17&#8243; LCD-skjerm med ADC-tilkobling, 1280&#215;1024 oppl\u00f8sning, Apple-design.<\/p>","protected":false},"featured_media":0,"comment_status":"open","ping_status":"closed","template":"","meta":{"_monsterinsights_skip_tracking":false,"_monsterinsights_sitenote_active":false,"_monsterinsights_sitenote_note":"","_monsterinsights_sitenote_category":0},"product_brand":[],"product_cat":[291],"product_tag":[],"class_list":{"0":"post-2366","1":"product","2":"type-product","3":"status-publish","5":"product_cat-skjermer","7":"first","8":"instock","9":"shipping-taxable","10":"purchasable","11":"product-type-simple"},"_links":{"self":[{"href":"https:\/\/techspot.no\/no\/wp-json\/wp\/v2\/product\/2366","targetHints":{"allow":["GET"]}}],"collection":[{"href":"https:\/\/techspot.no\/no\/wp-json\/wp\/v2\/product"}],"about":[{"href":"https:\/\/techspot.no\/no\/wp-json\/wp\/v2\/types\/product"}],"replies":[{"embeddable":true,"href":"https:\/\/techspot.no\/no\/wp-json\/wp\/v2\/comments?post=2366"}],"version-history":[{"count":0,"href":"https:\/\/techspot.no\/no\/wp-json\/wp\/v2\/product\/2366\/revisions"}],"wp:attachment":[{"href":"https:\/\/techspot.no\/no\/wp-json\/wp\/v2\/media?parent=2366"}],"wp:term":[{"taxonomy":"product_brand","embeddable":true,"href":"https:\/\/techspot.no\/no\/wp-json\/wp\/v2\/product_brand?post=2366"},{"taxonomy":"product_cat","embeddable":true,"href":"https:\/\/techspot.no\/no\/wp-json\/wp\/v2\/product_cat?post=2366"},{"taxonomy":"product_tag","embeddable":true,"href":"https:\/\/techspot.no\/no\/wp-json\/wp\/v2\/product_tag?post=2366"}],"curies":[{"name":"wp","href":"https:\/\/api.w.org\/{rel}","templated":true}]}}